{"id":19489,"date":"2023-09-19T17:52:37","date_gmt":"2023-09-19T21:52:37","guid":{"rendered":"http:\/\/www.spacarrestlouis.com\/?page_id=19489"},"modified":"2025-11-21T15:37:34","modified_gmt":"2025-11-21T20:37:34","slug":"about","status":"publish","type":"page","link":"https:\/\/www.spacarrestlouis.com\/en\/about\/","title":{"rendered":"About"},"content":{"rendered":"\t\t<div data-elementor-type=\"wp-page\" data-elementor-id=\"19489\" class=\"elementor elementor-19489\" data-elementor-post-type=\"page\">\n\t\t\t\t\t\t<section class=\"elementor-section elementor-top-section elementor-element elementor-element-b5afe99 qodef-elementor-content-grid elementor-section-boxed elementor-section-height-default elementor-section-height-default\" data-id=\"b5afe99\" data-element_type=\"section\" data-e-type=\"section\">\n\t\t\t\t\t\t<div class=\"elementor-container elementor-column-gap-default\">\n\t\t\t\t\t<div class=\"elementor-column elementor-col-100 elementor-top-column elementor-element elementor-element-350ee1b\" data-id=\"350ee1b\" data-element_type=\"column\" data-e-type=\"column\">\n\t\t\t<div class=\"elementor-widget-wrap elementor-element-populated\">\n\t\t\t\t\t\t<div class=\"elementor-element elementor-element-9ce4c63 elementor-hidden-phone elementor-widget elementor-widget-reina_core_background_svg\" data-id=\"9ce4c63\" data-element_type=\"widget\" data-e-type=\"widget\" data-widget_type=\"reina_core_background_svg.default\">\n\t\t\t\t<div class=\"elementor-widget-container\">\n\t\t\t\t\t<div class=\"qodef-shortcode qodef-m  qodef-background-svg qodef-layout--default \" >\n\t<div class=\"qodef-e qodef-m-svg qodef-background-svg-698 qodef--draw-svg\" style=\"width: 200%;stroke: #E5E5E536;top: -200px;left: -100%\" >\n\t\t\t<svg xmlns=\"http:\/\/www.w3.org\/2000\/svg\" xmlns:xlink=\"http:\/\/www.w3.org\/1999\/xlink\" x=\"0px\" y=\"0px\"\n\t width=\"644.7px\" height=\"483.7px\" viewBox=\"0 0 644.7 483.7\" xml:space=\"preserve\"\n\t>\n<path d=\"M76,483.5c0,0,12.1-64.2,22.1-96s16.6-50.3,16.6-50.3s12.9-13.9,51.2,19.7s70.3,62.6,108.7,56\n\ts25.1-26.5,15.9-23.2s-60.4,39.2-75.4,37.7s-71-43.9-84.7-62.8s-13.4-36-13.4-36s16.4-44.3,28.9-63.5c12.5-19.3,8.8-12.1,8.8-12.1\n\ts-14.9,11.8,18.9,66.4s9.7,133,9.7,133s40.2-43.7,36.4-111.8s-20.7-81.5-27.5-88.8c-6.8-7.3-16.4-19-23.9-14.6s-3.3-0.1-3.3-0.1\n\ts22.7-33.3,39.1-42.7c0,0,31,30.6,44.6,86.4s53.1,100.5,83.1,114.7c0,0-14.5-15-27.7-37.6s-21.7-80.5-32-109.7s-44.9-57.8-54.4-58.7\n\ts-6.7-3.1-6.7-3.1s23.8-16.7,26.8-14.9c0,0,41.7,3.9,74.3,64.1s59.1,102,103.4,108.8c0,0-24.5-17.3-38-40.3s-6-35.1-24.4-64.6\n\tc-18.3-29.5-26.6-48.9-54.6-61s-48.7-14.2-52.1-13.7c-3.4,0.5,33.3-18.6,45-19.7s1.7-1.6,1.7-1.6s55.7,49.7,83.7,88.2\n\tS451,309.5,491.5,312c0,0-23.2-16.6-45.4-47.6c-22.3-31-50.1-72.1-83.7-91.7S299.9,143,299.9,143s55.2-15.7,150.3,3.3\n\ts135.2,74.8,135.2,74.8s-71,7.7-125.9-17.5s-96.8-61.3-96.8-61.3s3.1,6.8,20.9-20.6c17.8-27.5,34.6-82.4,64-98.7S520,1.7,520,1.7\n\ts-40.6,22.1-54.3,47.1C452,73.7,460,83.8,439.3,99s-111.7,31.3-111.7,31.3s39.4-26.3,62-55.6s48.5-70.2,48.5-70.2\n\ts-64.2,40.1-87.2,66c-23.1,25.9-38.7,41.1-40.8,59.1c0,0-30.5,12.2-39.1,15.6c-8.6,3.4-8.6,3.4-8.6,3.4s30-44.5,69.6-64.4\n\ts63.2-23.1,66.4-18.9c3.2,4.1-5.8-23-44.3-14.4S274.8,72,250.8,129.7c0,0-9,25.1-8.4,27.8s-37.8,26-37.8,26s16.3-14.5,29.6-47.4\n\tS257.9,76,275.6,59c17.7-17.1,42.2-28.9,28.7-15.7s-52.3,32.3-66.8,51c-14.5,18.6-34.1,49-39.9,71.3c-5.9,22.2-4.5,30.6-4.5,30.6\n\tl-16,15.5c0,0-9.2-5-3.3-27.9s33-56.6,52.4-66s15.7-8.8,15.7-8.8s-15.7-4.2-27.6,2.3c-11.8,6.5-45.9,21.3-55,50.9\n\tc-9.1,29.7-17.3,36.1-4.2,68.4c0,0-22.1,34.7-23.7,42c0,0-6.8-31.7,4.5-55.8s26.9-53.3,41.5-60.4c14.6-7-25.1,0.1-44.8,32.5\n\ts-29.8,70.9-26.8,105.5s4.5,32,4.5,32l-8.9,23.1c0,0-15.4-18-14.3-55.8s10.1-73.3,24.5-90.5c0,0-45,37.8-48.3,89.9\n\ts20.8,97.6,20.8,97.6L64,465.6\"\/>\n<\/svg>\n\t<\/div>\n<\/div>\n\t\t\t\t<\/div>\n\t\t\t\t<\/div>\n\t\t\t\t\t<\/div>\n\t\t<\/div>\n\t\t\t\t\t<\/div>\n\t\t<\/section>\n\t\t\t\t<section class=\"elementor-section elementor-top-section elementor-element elementor-element-6a95f5a qodef-elementor-content-grid elementor-section-full_width elementor-section-stretched elementor-reverse-mobile elementor-section-height-default elementor-section-height-default\" data-id=\"6a95f5a\" data-element_type=\"section\" data-e-type=\"section\" data-settings=\"{&quot;stretch_section&quot;:&quot;section-stretched&quot;}\">\n\t\t\t\t\t\t<div class=\"elementor-container elementor-column-gap-no\">\n\t\t\t\t\t<div class=\"elementor-column elementor-col-100 elementor-top-column elementor-element elementor-element-fcffb88\" data-id=\"fcffb88\" data-element_type=\"column\" data-e-type=\"column\" data-settings=\"{&quot;background_background&quot;:&quot;classic&quot;}\">\n\t\t\t<div class=\"elementor-widget-wrap elementor-element-populated\">\n\t\t\t\t\t\t<div class=\"elementor-element elementor-element-93fcaa0 elementor-widget elementor-widget-reina_core_section_title\" data-id=\"93fcaa0\" data-element_type=\"widget\" data-e-type=\"widget\" data-widget_type=\"reina_core_section_title.default\">\n\t\t\t\t<div class=\"elementor-widget-container\">\n\t\t\t\t\t<div class=\"qodef-shortcode qodef-m  qodef-section-title  qodef-alignment--left\">\n\t<div class=\"qodef-m-heading\">\n\t\t\t\t\t<h3 class=\"qodef-m-title\" >\n\t\t\t\t\tAbout\t\t\t<\/h3>\n\t<\/div>\n\t\t<\/div>\t\t\t\t<\/div>\n\t\t\t\t<\/div>\n\t\t\t\t<div class=\"elementor-element elementor-element-db4a3d6 elementor-widget elementor-widget-text-editor\" data-id=\"db4a3d6\" data-element_type=\"widget\" data-e-type=\"widget\" data-widget_type=\"text-editor.default\">\n\t\t\t\t<div class=\"elementor-widget-container\">\n\t\t\t\t\t\t\t\t\t<p>Open since September 2023, Spa Carr\u00e9 Saint-Louis is a haven of relaxation located within H\u00f4tel Carr\u00e9 St-Louis, facing Carr\u00e9 Saint-Louis and the Sherbrooke metro station.<\/p><p>Our small family-owned business embodies the commitment of the Sandhu family, key figures in Montreal\u2019s culinary scene and owners of Sandu, India Rosa, H\u00e9ritaj, and Le Pass\u00e9 Compos\u00e9 restaurants.<\/p><p>Drawing on their culinary expertise, the Sandhu family has created this wellness space, combining luxury, comfort, and relaxation. Spa Carr\u00e9 Saint-Louis offers a unique experience with thermal treatments, massages, and relaxation areas designed to revitalize your body and mind in an elegant and soothing setting.<\/p><p>Come discover the art of relaxation and let us take care of you.<\/p>\t\t\t\t\t\t\t\t<\/div>\n\t\t\t\t<\/div>\n\t\t\t\t<div class=\"elementor-element elementor-element-4ecbfcf elementor-widget__width-inherit elementor-widget elementor-widget-reina_core_single_image\" data-id=\"4ecbfcf\" data-element_type=\"widget\" data-e-type=\"widget\" data-widget_type=\"reina_core_single_image.default\">\n\t\t\t\t<div class=\"elementor-widget-container\">\n\t\t\t\t\t<div class=\"qodef-shortcode qodef-m  qodef-single-image qodef-layout--default  qodef--draw-svg qodef--has-appear\">\n\t<div class=\"qodef-m-image\">\n\t\t\t\t\t\t<img fetchpriority=\"high\" decoding=\"async\" width=\"1300\" height=\"867\" src=\"https:\/\/www.spacarrestlouis.com\/wp-content\/uploads\/2025\/03\/spa_001b.jpg\" class=\"attachment-full size-full\" alt=\"\" srcset=\"https:\/\/www.spacarrestlouis.com\/wp-content\/uploads\/2025\/03\/spa_001b.jpg 1300w, https:\/\/www.spacarrestlouis.com\/wp-content\/uploads\/2025\/03\/spa_001b-300x200.jpg 300w, https:\/\/www.spacarrestlouis.com\/wp-content\/uploads\/2025\/03\/spa_001b-1024x683.jpg 1024w, https:\/\/www.spacarrestlouis.com\/wp-content\/uploads\/2025\/03\/spa_001b-768x512.jpg 768w\" sizes=\"(max-width: 1300px) 100vw, 1300px\" \/>\t<\/div>\n<\/div>\t\t\t\t<\/div>\n\t\t\t\t<\/div>\n\t\t\t\t\t<\/div>\n\t\t<\/div>\n\t\t\t\t\t<\/div>\n\t\t<\/section>\n\t\t\t\t<\/div>\n\t\t","protected":false},"excerpt":{"rendered":"<p>About Open since September 2023, Spa Carr\u00e9 Saint-Louis is a haven of relaxation located within H\u00f4tel Carr\u00e9 St-Louis, facing Carr\u00e9 Saint-Louis and the Sherbrooke metro station. Our small family-owned business embodies the commitment of the Sandhu family, key figures in Montreal\u2019s culinary scene and owners of Sandu, India Rosa, H\u00e9ritaj, and Le Pass\u00e9 Compos\u00e9 restaurants. [&hellip;]<\/p>\n","protected":false},"author":1,"featured_media":0,"parent":0,"menu_order":0,"comment_status":"closed","ping_status":"closed","template":"","meta":{"footnotes":""},"class_list":["post-19489","page","type-page","status-publish","hentry"],"aioseo_notices":[],"_links":{"self":[{"href":"https:\/\/www.spacarrestlouis.com\/en\/wp-json\/wp\/v2\/pages\/19489","targetHints":{"allow":["GET"]}}],"collection":[{"href":"https:\/\/www.spacarrestlouis.com\/en\/wp-json\/wp\/v2\/pages"}],"about":[{"href":"https:\/\/www.spacarrestlouis.com\/en\/wp-json\/wp\/v2\/types\/page"}],"author":[{"embeddable":true,"href":"https:\/\/www.spacarrestlouis.com\/en\/wp-json\/wp\/v2\/users\/1"}],"replies":[{"embeddable":true,"href":"https:\/\/www.spacarrestlouis.com\/en\/wp-json\/wp\/v2\/comments?post=19489"}],"version-history":[{"count":85,"href":"https:\/\/www.spacarrestlouis.com\/en\/wp-json\/wp\/v2\/pages\/19489\/revisions"}],"predecessor-version":[{"id":25933,"href":"https:\/\/www.spacarrestlouis.com\/en\/wp-json\/wp\/v2\/pages\/19489\/revisions\/25933"}],"wp:attachment":[{"href":"https:\/\/www.spacarrestlouis.com\/en\/wp-json\/wp\/v2\/media?parent=19489"}],"curies":[{"name":"wp","href":"https:\/\/api.w.org\/{rel}","templated":true}]}}